{"id":3501,"date":"2023-05-27T14:21:04","date_gmt":"2023-05-27T14:21:04","guid":{"rendered":"https:\/\/sanrovio.com\/aviso-legal\/"},"modified":"2023-05-27T14:21:04","modified_gmt":"2023-05-27T14:21:04","slug":"aviso-legal","status":"publish","type":"page","link":"https:\/\/sanrovio.com\/en\/aviso-legal\/","title":{"rendered":"Aviso Legal"},"content":{"rendered":"\t\t<div data-elementor-type=\"wp-page\" data-elementor-id=\"3501\" class=\"elementor elementor-3501 elementor-3100\">\n\t\t\t\t\t\t\t\t\t<section class=\"elementor-section elementor-top-section elementor-element elementor-element-c4b9200 elementor-section-full_width elementor-section-height-default elementor-section-height-default\" data-id=\"c4b9200\" data-element_type=\"section\">\n\t\t\t\t\t\t<div class=\"elementor-container elementor-column-gap-default\">\n\t\t\t\t\t<div class=\"elementor-column elementor-col-100 elementor-top-column elementor-element elementor-element-a317b8a\" data-id=\"a317b8a\" data-element_type=\"column\">\n\t\t\t<div class=\"elementor-widget-wrap elementor-element-populated\">\n\t\t\t\t\t\t\t\t<div class=\"elementor-element elementor-element-cee489d elementor-widget elementor-widget-text-editor\" data-id=\"cee489d\" data-element_type=\"widget\" data-widget_type=\"text-editor.default\">\n\t\t\t\t<div class=\"elementor-widget-container\">\n\t\t\t<style>\/*! elementor - v3.13.3 - 28-05-2023 *\/\n.elementor-widget-text-editor.elementor-drop-cap-view-stacked .elementor-drop-cap{background-color:#69727d;color:#fff}.elementor-widget-text-editor.elementor-drop-cap-view-framed .elementor-drop-cap{color:#69727d;border:3px solid;background-color:transparent}.elementor-widget-text-editor:not(.elementor-drop-cap-view-default) .elementor-drop-cap{margin-top:8px}.elementor-widget-text-editor:not(.elementor-drop-cap-view-default) .elementor-drop-cap-letter{width:1em;height:1em}.elementor-widget-text-editor .elementor-drop-cap{float:left;text-align:center;line-height:1;font-size:50px}.elementor-widget-text-editor .elementor-drop-cap-letter{display:inline-block}<\/style>\t\t\t\t<h5>AVISO LEGAL<\/h5><p>El acceso, navegaci\u00f3n y utilizaci\u00f3n de la p\u00e1gina web &#8230; (en adelante, el \u201cSitio Web\u201d) implica la aceptaci\u00f3n expresa y sin reservas de todos los t\u00e9rminos del presente Aviso Legal. Su observancia y cumplimiento ser\u00e1 exigible respecto de cualquier persona que acceda, navegue o utilice el Sitio Web.<\/p><h5>IDENTIFICACI\u00d3N<\/h5><p>Titular: SANROVIO<\/p><p>Domicilio social: Calle Naciones Unidas 14 puerta 10<br \/>28909 Getafe \u2013 Madrid \u2013 Espa\u00f1a<br \/>Tel\u00e9fono fijo: 91 684 92 92<br \/>Tel\u00e9fono m\u00f3vil: 34 617 496 115<br \/>E-mail: info@sanrovio.com<\/p><h5>OBJETO<\/h5><p>El presente Aviso Legal regula el acceso, navegaci\u00f3n y utilizaci\u00f3n del Sitio Web, sin perjuicio de que SANROVIO se reserve el derecho a modificar la presentaci\u00f3n, configuraci\u00f3n y contenido del Sitio Web, as\u00ed como las condiciones requeridas para su acceso y\/o utilizaci\u00f3n. El acceso y\/o utilizaci\u00f3n del Sitio Web tras la entrada en vigor de sus modificaciones o cambios suponen la aceptaci\u00f3n de los mismos.<\/p><p>No obstante, el acceso a determinados contenidos y la utilizaci\u00f3n de determinados servicios puede encontrarse sometido a determinadas condiciones particulares, que ser\u00e1n en todo caso claramente mostradas y deber\u00e1n ser aceptadas expresamente por parte de los Usuarios. Estas condiciones particulares podr\u00e1n sustituir, completar o, en su caso, modificar las establecidas en el presente Aviso Legal.<\/p><p>A los efectos de la interpretaci\u00f3n del presente Aviso Legal, se entiende que una persona pasa a ser usuaria (en adelante, \u201cUsuario\u201d o \u201cUsuarios\u201d) en el momento en que \u00e9sta acepta el presente Aviso Legal y la Pol\u00edtica de Privacidad expuestas en el Sitio Web.<\/p><h5>ACCESO Y REGISTRO<\/h5><p>El acceso y uso del Sitio Web no requiere registro. No obstante, el acceso y navegaci\u00f3n por el Sitio Web suponen que el Usuario del mismo acepta en su totalidad y se obliga a cumplir por completo el presente Aviso Legal, as\u00ed como las instrucciones o recomendaciones que se le indiquen en cada caso concreto a trav\u00e9s del Sitio Web.<\/p><p>En todo caso, queda prohibido el acceso y navegaci\u00f3n en el Sitio Web por parte de los menores de dieciocho (18) a\u00f1os de edad, salvo que cuenten con la autorizaci\u00f3n previa y expresa de sus padres, tutores o representantes legales, los cuales ser\u00e1n considerados como responsables de los actos que lleven a cabo los menores a su cargo, conforme a la normativa vigente. En todo caso, se presumir\u00e1 que el acceso realizado por un menor al Sitio Web se ha realizado con autorizaci\u00f3n previa y expresa de sus padres, tutores o representantes legales.<\/p><h5>DERECHOS DE PROPIEDAD INTELECTUAL E INDUSTRIAL<\/h5><p>SANROVIO es propietario o, en su caso, cuenta con las licencias correspondientes sobre los derechos de explotaci\u00f3n de propiedad intelectual e industrial necesarios para operar el Sitio Web, as\u00ed como de todos los contenidos ofrecidos en el mismo, incluyendo el propio Sitio Web, textos, fotograf\u00edas o ilustraciones, logos, marcas, grafismos, dise\u00f1os, interfaces, o cualquier otra informaci\u00f3n o contenido, y los servicios disponibles a trav\u00e9s del mismo.<\/p><p>En ning\u00fan caso se entender\u00e1 que el acceso, navegaci\u00f3n y utilizaci\u00f3n del Sitio Web por parte del Usuario implica una renuncia, transmisi\u00f3n, licencia o cesi\u00f3n total o parcial de dichos derechos por parte de SANROVIO. El Usuario dispone de un derecho de uso de los contenidos y\/o servicios del Sitio Web dentro de un \u00e1mbito estrictamente dom\u00e9stico y \u00fanicamente con la finalidad de disfrutar de las prestaciones del servicio de acuerdo con el presente Aviso Legal.<\/p><p>Las referencias a marcas o nombres comerciales registrados, u otros signos distintivos, ya sean propiedad de SANROVIO o de terceros, llevan impl\u00edcita la prohibici\u00f3n sobre su uso sin el consentimiento de SANROVIO o de sus leg\u00edtimos propietarios. En ning\u00fan momento el acceso, navegaci\u00f3n o utilizaci\u00f3n del Sitio Web y\/o de sus contenidos confiere al Usuario derecho alguno sobre signos distintivos en \u00e9l incluidos, salvo que se disponga lo contrario en el presente Aviso Legal.<\/p><p>Quedan reservados todos los derechos de propiedad intelectual e industrial sobre los contenidos y\/o servicios del Sitio Web y, en particular, queda prohibido modificar, copiar, reproducir, comunicar p\u00fablicamente, transformar o distribuir, por cualquier medio y bajo cualquier forma, la totalidad o parte de los contenidos incluidos en el Sitio Web, para cualquier fin, si no se cuenta con la autorizaci\u00f3n previa, expresa y por escrito de SANROVIO o, en su caso, de SANROVIO de los derechos correspondientes.<\/p><p>Asimismo, queda prohibido suprimir o manipular las indicaciones de copyright u otros cr\u00e9ditos que identifiquen a los titulares de derechos de los contenidos que el Usuario encuentre en el Sitio Web, as\u00ed como los dispositivos t\u00e9cnicos de protecci\u00f3n, las huellas digitales, o cualquier mecanismo de protecci\u00f3n o informaci\u00f3n incorporada a los contenidos ofrecidos en el Sitio Web.<\/p><p>En el caso de que el Usuario env\u00ede informaci\u00f3n o contenidos de cualquier tipo a SANROVIO a trav\u00e9s de cualquiera de los canales habilitados al efecto, el Usuario declara, garantiza y acepta que tiene derecho a hacerlo libremente, que dicha informaci\u00f3n no infringe ning\u00fan derecho de propiedad intelectual, industrial, secreto comercial o cualesquiera otros derechos de terceros, y que dicha informaci\u00f3n no tiene car\u00e1cter confidencial ni es perjudicial para terceros.<\/p><p>El Usuario reconoce asumir la responsabilidad, dejando indemne a SANROVIO, por cualquier comunicaci\u00f3n o contenidos que env\u00ede personalmente o a su nombre.<\/p><p>Si el Usuario tuviera conocimiento de la existencia de alg\u00fan contenido il\u00edcito, ilegal, contrario a las leyes o que pudiera suponer una infracci\u00f3n de derechos de propiedad intelectual, industrial, o de cualquier otra \u00edndole, deber\u00e1 notificarlo inmediatamente a SANROVIO a trav\u00e9s de la direcci\u00f3n de correo electr\u00f3nico contacta@de360.net para que \u00e9ste pueda proceder a la adopci\u00f3n de las medidas oportunas.<\/p><p>De igual modo, en el caso de que cualquier Usuario o un tercero consideren que alguno de los contenidos del Sitio Web propiedad de SANROVIO vulnera sus derechos de propiedad intelectual, industrial, o de cualquier otra \u00edndole, deber\u00e1 remitir una comunicaci\u00f3n a contacta@de360.net con la siguiente informaci\u00f3n:<\/p><ul><li style=\"list-style-type: none;\"><ul><li>Datos identificativos y medio de contacto del reclamante o de su representante legal;<\/li><li>Documentaci\u00f3n que acredite su condici\u00f3n de SANROVIO de los derechos supuestamente infringidos;<\/li><li>Relato detallado de los derechos supuestamente infringidos por SANROVIO, as\u00ed como su localizaci\u00f3n exacta dentro del Sitio Web;<\/li><li>Declaraci\u00f3n expresa por parte del reclamante de que la utilizaci\u00f3n de los contenidos se ha realizado sin el consentimiento del titular de los derechos supuestamente infringidos.<\/li><li>\u00a0<\/li><\/ul><\/li><\/ul><h5>ENLACES<\/h5><h5>ENLACES A OTRAS P\u00c1GINAS WEB<\/h5><p>En caso de que en el Sitio Web se mostraran enlaces a otras p\u00e1ginas web mediante diferentes botones, links, banners o contenidos embebidos, SANROVIO informa de que \u00e9stos se encuentran gestionados por terceros, no teniendo SANROVIO ni medios humanos ni t\u00e9cnicos para conocer de forma previa y\/o controlar y\/o aprobar toda la informaci\u00f3n, contenidos, productos o servicios facilitados por otras plataformas a las que se puedan establecer enlaces desde el Sitio Web.<\/p><p>En consecuencia, SANROVIO no podr\u00e1 asumir ning\u00fan tipo de responsabilidad por cualquier aspecto relativo al Sitio Web o p\u00e1gina web a la que se pudiera establecer un enlace desde el Sitio Web, en concreto, a t\u00edtulo enunciativo, pero no limitativo, sobre su funcionamiento, acceso, datos, informaci\u00f3n, archivos, calidad y fiabilidad de sus productos y servicios, sus propios enlaces y\/o cualquiera de sus contenidos, en general.<\/p><p>En este sentido, si los Usuarios tuvieran conocimiento efectivo de que las actividades desarrolladas a trav\u00e9s de estas p\u00e1ginas web de terceros son ilegales o contravienen la moral y\/o el orden p\u00fablico, deber\u00e1n comunicarlo inmediatamente a SANROVIO a los efectos de que se proceda a deshabilitar el enlace de acceso a las mismas, acci\u00f3n que se llevar\u00e1 a cabo en el menor tiempo posible.<\/p><p>En cualquier caso, el establecimiento de cualquier tipo de enlace desde el Sitio Web a otra p\u00e1gina web ajena no implicar\u00e1 que exista alg\u00fan tipo de relaci\u00f3n, colaboraci\u00f3n o dependencia entre SANROVIO y el responsable de dicha p\u00e1gina web ajena.<\/p><h5>ENLACES AL CANAL DEL TITULAR EN OTRAS PLATAFORMAS Y REDES SOCIALES<\/h5><p>SANROVIO pone a disposici\u00f3n de los Usuarios, a trav\u00e9s de diferentes herramientas y aplicaciones, medios de enlace que permiten a los Usuarios acceder a los canales y p\u00e1ginas del Sitio Web que mantiene en diferentes plataformas y redes sociales pertenecientes y\/o gestionadas por terceros (p.ej. Twitter, Facebook, YouTube, etc.). La inclusi\u00f3n de estos enlaces en el Sitio Web tiene por \u00fanico objeto facilitar a los Usuarios el acceso a dichos canales en las diferentes plataformas y redes sociales.<\/p><p>El establecimiento de estas aplicaciones no implica la existencia de relaci\u00f3n alguna entre SANROVIO y el propietario, fabricante o distribuidor del Sitio Web enlazado, como tampoco la aceptaci\u00f3n y aprobaci\u00f3n por parte de SANROVIO de sus contenidos y\/o servicios, siendo su propietario, fabricante o distribuidor el \u00fanico responsable de los mismos.<\/p><p>La activaci\u00f3n y uso de estas aplicaciones puede conllevar la identificaci\u00f3n y autenticaci\u00f3n del Usuario (login\/contrase\u00f1a) en las plataformas correspondientes, completamente externas al Sitio Web y fuera del control de SANROVIO. Al acceder a dichas redes externas, el Usuario ingresa en un entorno no controlado por SANROVIO, por lo que SANROVIO no asumir\u00e1 ninguna responsabilidad sobre la configuraci\u00f3n de seguridad de dichos entornos.<\/p><p>Dado que SANROVIO puede tener un control limitado sobre el contenido alojado en dichos canales, el Usuario reconoce y acepta que SANROVIO no asume responsabilidad alguna por el contenido ni por los servicios a los que el Usuario pueda acceder en dichas p\u00e1ginas, ni por cualquier contenido, productos, servicios, publicidad, ni cualquier otro material disponible en los mismos.<\/p><h5>ENLACES EN OTRAS P\u00c1GINAS WEB CON DESTINO AL SITIO WEB<\/h5><p>SANROVIO no autoriza el establecimiento de un enlace al Sitio Web desde aquellas p\u00e1ginas que contengan materiales, informaci\u00f3n o contenidos il\u00edcitos, ilegales, degradantes, obscenos y, en general, que contravengan las leyes, la moral o el orden p\u00fablico, o las normas sociales generalmente aceptadas.<\/p><p>En todo caso, los Usuarios podr\u00e1n establecer enlaces que dirijan al Sitio Web, siempre y cuando cumplan con las siguientes condiciones:<\/p><ul><li style=\"list-style-type: none;\"><ul><li style=\"list-style-type: none;\"><ul><li>El enlace no podr\u00e1 reproducir el contenido del Sitio Web o partes del mismo de ninguna forma;<\/li><li>No est\u00e1 permitido crear un browser ni un border environment sobre las secciones del Sitio Web, ni de ninguna otra forma podr\u00e1 modificarse el Sitio Web;<\/li><li>No est\u00e1 permitido realizar manifestaciones o indicaciones falsas o inexactas o incorrectas sobre el Sitio Web y\/o, en particular, declarar o dar a entender que SANROVIO ha autorizado el enlace o que ha supervisado o asumido de cualquier forma los contenidos o servicios ofrecidos o puestos a disposici\u00f3n en la p\u00e1gina web en la que se establece dicho enlace;<\/li><li>La p\u00e1gina web en la que se establezca el enlace al Sitio Web no contendr\u00e1 informaciones o contenidos il\u00edcitos, contrarios a la moral y buenas costumbres generalmente aceptadas y al orden p\u00fablico, as\u00ed como tampoco contendr\u00e1 contenidos contrarios a cualesquiera derechos de terceros, incluidos los derechos de propiedad intelectual o industrial y\/o el derecho al honor, a la intimidad personal o familiar o a la propia imagen o de cualquier otro derecho, o contenidos contrarios a las normas reguladoras de la protecci\u00f3n de datos de car\u00e1cter personal.<\/li><\/ul><\/li><\/ul><\/li><\/ul><p>SANROVIO no tiene facultad ni medios humanos ni t\u00e9cnicos para conocer, controlar ni aprobar toda la informaci\u00f3n, contenidos, productos o servicios facilitados por otras p\u00e1ginas web que tengan establecidos enlaces con destino al Sitio Web. SANROVIO no asume ning\u00fan tipo de responsabilidad por cualquier aspecto relativo a la p\u00e1gina web que establece ese enlace con destino al Sitio Web; en concreto, a t\u00edtulo enunciativo y no taxativo, sobre su funcionamiento, acceso, datos, informaci\u00f3n, archivos, calidad y fiabilidad de sus productos y servicios, sus propios enlaces y\/o cualquiera de sus contenidos, en general.<\/p><h5>REGLAS DE USO DEL SITIO WEB<\/h5><p>No est\u00e1 permitido y, por tanto, sus consecuencias ser\u00e1n de la exclusiva responsabilidad del Usuario, el acceso o la utilizaci\u00f3n del Sitio Web con fines ilegales o no autorizados, con o sin \u00e1nimo de lucro. En particular, y sin que el siguiente listado tenga car\u00e1cter limitativo, queda prohibido:<\/p><ul><li style=\"list-style-type: none;\"><ul><li style=\"list-style-type: none;\"><ul><li>Usar el Sitio Web en forma alguna que pueda provocar da\u00f1os, interrupciones, ineficiencias o defectos en su funcionamiento o en los equipos inform\u00e1ticos de un tercero;<\/li><li>Usar el Sitio Web para la transmisi\u00f3n, instalaci\u00f3n o publicaci\u00f3n de cualquier virus, c\u00f3digo malicioso u otros programas o archivos perjudiciales;<\/li><li>Usar el Sitio Web para recoger datos de car\u00e1cter personal de otros Usuarios;<\/li><li>Usar el Sitio Web de forma ilegal, en contra de la buena fe, la moral y el orden p\u00fablico;<\/li><li>Registrarse a trav\u00e9s del Sitio Web con una identidad falsa, suplantando a terceros o utilizando un perfil o realizando cualquier otra acci\u00f3n que pueda confundir a otros Usuarios sobre la identidad del Usuario;<\/li><li>Acceder sin autorizaci\u00f3n a cualquier secci\u00f3n del Sitio Web, a otros sistemas o redes conectados al Sitio Web, a los servidores de SANROVIO, o a los servicios ofrecidos a trav\u00e9s del Sitio Web, por medio de pirateo o falsificaci\u00f3n, extracci\u00f3n de contrase\u00f1as o cualquier otro medio ileg\u00edtimo;<\/li><li>Quebrantar, o intentar quebrantar, las medidas de seguridad o autenticaci\u00f3n del Sitio Web o de cualquier red conectada al mismo, o las medidas de seguridad o protecci\u00f3n inherentes a los contenidos ofrecidos en el Sitio Web;<\/li><li>Llevar a cabo alguna acci\u00f3n que provoque una saturaci\u00f3n desproporcionada o innecesaria en la infraestructura del Sitio Web o en los sistemas o redes de SANROVIO, as\u00ed como en los sistemas y redes conectados al Sitio Web; o<\/li><li>Impedir el normal desarrollo de un evento, concurso, promoci\u00f3n o cualquier otra actividad disponible a trav\u00e9s del Sitio Web o cualesquiera de sus funcionalidades, ya sea alterando o tratando de alterar, ilegalmente o de cualquier otra forma, el acceso, participaci\u00f3n o funcionamiento de aqu\u00e9llos, o falseando el resultado de los mismos y\/o utilizando m\u00e9todos de participaci\u00f3n fraudulentos, mediante cualquier procedimiento, y\/o a trav\u00e9s de cualquier pr\u00e1ctica que atente o vulnere el presente Aviso Legal.<\/li><\/ul><\/li><\/ul><\/li><\/ul><p>El incumplimiento de cualquiera de las anteriores obligaciones por el Usuario podr\u00e1 llevar aparejada la adopci\u00f3n por SANROVIO de las medidas oportunas amparadas en Derecho y en el ejercicio de sus derechos u obligaciones, pudiendo llegar a la eliminaci\u00f3n o bloqueo de la cuenta del Usuario infractor, sin que medie posibilidad de indemnizaci\u00f3n alguna por los da\u00f1os y perjuicios causados.<\/p><h5>RESPONSABILIDADES Y GARANT\u00cdAS<\/h5><p>SANROVIO no puede garantizar la fiabilidad, utilidad o veracidad de toda la informaci\u00f3n y\/o de los servicios y contenidos del Sitio Web ni tampoco de la utilidad o veracidad de la documentaci\u00f3n puesta a disposici\u00f3n a trav\u00e9s de la misma.<\/p><p>En consecuencia, SANROVIO no garantiza ni se hace responsable de:<\/p><ul><li style=\"list-style-type: none;\"><ul><li style=\"list-style-type: none;\"><ul><li>La continuidad de los contenidos y servicios del Sitio Web;<\/li><li>La ausencia de errores en dichos contenidos y servicios;<\/li><li>La ausencia de virus y\/o dem\u00e1s componentes da\u00f1inos en el Sitio Web o en el servidor que lo suministra;<\/li><li>La invulnerabilidad del Sitio Web y\/o la imposibilidad de vulnerar las medidas de seguridad que se adopten en el mismo;<\/li><li>La falta de utilidad o rendimiento de los contenidos y servicios del Sitio Web; y<\/li><li>Los da\u00f1os o perjuicios que cause, a s\u00ed mismo o a un tercero, cualquier persona que infringiera las condiciones, normas e instrucciones que SANROVIO establece en el Sitio Web o a trav\u00e9s de la vulneraci\u00f3n de los sistemas de seguridad del Sitio Web.<\/li><\/ul><\/li><\/ul><\/li><\/ul><p>Ello no obstante, SANROVIO declara que ha adoptado todas las medidas necesarias, dentro de sus posibilidades y del estado de la t\u00e9cnica, para garantizar el funcionamiento del Sitio Web y reducir al m\u00ednimo los errores del sistema, tanto desde el punto de vista t\u00e9cnico como de los contenidos publicados en el Sitio Web.<\/p><p>SANROVIO no garantiza la licitud, fiabilidad, o utilidad de los contenidos suministrados por terceros a trav\u00e9s del Sitio Web. Si el Usuario tuviera conocimiento de la existencia de alg\u00fan contenido il\u00edcito, ilegal, contrario a las leyes, o que pudiera suponer una infracci\u00f3n de derechos de terceros, deber\u00e1 notificarlo inmediatamente a SANROVIO para que \u00e9ste pueda proceder a la adopci\u00f3n de las medidas oportunas.<\/p><p>SANROVIO no ser\u00e1 responsable de la veracidad, integridad o actualizaci\u00f3n de las informaciones publicadas en el Sitio Web provenientes de fuentes ajenas al mismo, as\u00ed como tampoco de las contenidas en otras plataformas a las que se enlace desde el Sitio Web. SANROVIO no asumir\u00e1 responsabilidad en cuanto a hipot\u00e9ticos perjuicios que pudieran originarse por el uso de las citadas informaciones.<\/p><p>SANROVIO no responder\u00e1 por causas ajenas a su control, entre las que pueden enumerarse de manera no limitativa: fuerza mayor, problemas de acceso a Internet, problemas tecnol\u00f3gicos m\u00e1s all\u00e1 de la gesti\u00f3n diligente y razonable de SANROVIO, acciones u omisiones de terceros, etc. En todos los casos referidos, ajenos al control y la diligencia debida por SANROVIO, no habr\u00e1 lugar a indemnizaci\u00f3n de SANROVIO al Usuario por da\u00f1os o perjuicios, en la medida en que as\u00ed lo permita la legislaci\u00f3n vigente.<\/p><h5>SUSPENSI\u00d3N DEL SITIO WEB<\/h5><p>SANROVIO se reserva el derecho a suspender, modificar, restringir o interrumpir, ya sea temporal o permanentemente, el acceso, navegaci\u00f3n, uso, alojamiento y\/o descarga del contenido y\/o uso de servicios del Sitio Web, con o sin previa notificaci\u00f3n, a los Usuarios que contravengan cualquiera de las disposiciones detalladas en el presente Aviso Legal, sin que medie la posibilidad del Usuario de exigir indemnizaci\u00f3n alguna por esta causa.<\/p><h5>CONFIDENCIALIDAD Y PROTECCI\u00d3N DE DATOS<\/h5><p>De conformidad con lo dispuesto por la Ley Org\u00e1nica 15\/1999, de 13 de diciembre, de Protecci\u00f3n de Datos de Car\u00e1cter Personal, todos los datos de car\u00e1cter personal recabados durante la utilizaci\u00f3n del Sitio Web ser\u00e1n tratados de conformidad con lo dispuesto en la Pol\u00edtica de Privacidad, que todo Usuario debe aceptar expresamente para poder utilizar y registrarse en el sistema.<\/p><h5>GENERALES<\/h5><p>Los encabezamientos de las distintas cl\u00e1usulas son s\u00f3lo informativos, y no afectar\u00e1n, calificar\u00e1n o ampliar\u00e1n la interpretaci\u00f3n del presente Aviso Legal. Asimismo, SANROVIO podr\u00e1 modificar los t\u00e9rminos y condiciones aqu\u00ed estipulados, total o parcialmente, publicando cualquier cambio en la misma forma en que aparece este Aviso Legal o a trav\u00e9s de cualquier tipo de comunicaci\u00f3n dirigida a los Usuarios.<\/p><p>La vigencia temporal del presente Aviso Legal coincide, por tanto, con el tiempo de su exposici\u00f3n, hasta que sea modificado total o parcialmente, momento en el cual pasar\u00e1 a tener vigencia el Aviso Legal modificado.<\/p><p>SANROVIO podr\u00e1 dar por terminado, suspender o interrumpir, en cualquier momento y sin necesidad de preaviso, el acceso a los contenidos del Sitio Web, sin posibilidad por parte del Usuario de exigir indemnizaci\u00f3n alguna. Tras dicha extinci\u00f3n, seguir\u00e1n vigentes las prohibiciones de uso de los contenidos expuestas anteriormente en el presente Aviso Legal.<\/p><p>En el caso de que cualquier disposici\u00f3n del presente Aviso Legal fuese declarada nula o inaplicable, en su totalidad o en parte, por cualquier Juzgado, Tribunal u \u00f3rgano administrativo competente, dicha nulidad o inaplicaci\u00f3n no afectar\u00e1 a las restantes disposiciones del presente Aviso Legal.<\/p><p>El no ejercicio o ejecuci\u00f3n por parte de SANROVIO de cualquier derecho o disposici\u00f3n contenido en el presente Aviso Legal no constituir\u00e1 una renuncia al mismo, salvo reconocimiento y acuerdo por escrito por su parte.<\/p><h5>LEGISLACI\u00d3N APLICABLE Y JURISDICCI\u00d3N COMPETENTE<\/h5><p>Este Sitio Web se rige por la legislaci\u00f3n vigente en Espa\u00f1a.<\/p><p>Para toda controversia que pudiera surgir en la interpretaci\u00f3n y aplicaci\u00f3n del presente Aviso Legal, y en la medida de lo permitido por la legislaci\u00f3n vigente, tanto SANROVIO como los Usuarios, se someten expresamente a la jurisdicci\u00f3n de los Juzgados y Tribunales de Madrid capital, con renuncia a su fuero propio si lo hubiere.<\/p>\t\t\t\t\t\t<\/div>\n\t\t\t\t<\/div>\n\t\t\t\t\t<\/div>\n\t\t<\/div>\n\t\t\t\t\t\t\t<\/div>\n\t\t<\/section>\n\t\t\t\t\t\t\t<\/div>\n\t\t","protected":false},"excerpt":{"rendered":"<p>AVISO LEGAL El acceso, navegaci\u00f3n y utilizaci\u00f3n de la p\u00e1gina web &#8230; (en adelante, el \u201cSitio Web\u201d) implica la aceptaci\u00f3n expresa y sin reservas de todos los t\u00e9rminos del presente Aviso Legal. Su observancia y cumplimiento ser\u00e1 exigible respecto de cualquier persona que acceda, navegue o utilice el Sitio Web. IDENTIFICACI\u00d3N Titular: SANROVIO Domicilio social: &hellip;<\/p>\n<p class=\"read-more\"> <a class=\"\" href=\"https:\/\/sanrovio.com\/en\/aviso-legal\/\"> <span class=\"screen-reader-text\">Aviso Legal<\/span> Read More &raquo;<\/a><\/p>\n","protected":false},"author":1,"featured_media":0,"parent":0,"menu_order":100,"comment_status":"closed","ping_status":"closed","template":"","meta":{"site-sidebar-layout":"no-sidebar","site-content-layout":"page-builder","ast-global-header-display":"","ast-banner-title-visibility":"","ast-main-header-display":"","ast-hfb-above-header-display":"","ast-hfb-below-header-display":"","ast-hfb-mobile-header-display":"","site-post-title":"disabled","ast-breadcrumbs-content":"","ast-featured-img":"disabled","footer-sml-layout":"","theme-transparent-header-meta":"default","adv-header-id-meta":"","stick-header-meta":"default","header-above-stick-meta":"","header-main-stick-meta":"","header-below-stick-meta":"","footnotes":""},"class_list":["post-3501","page","type-page","status-publish","hentry"],"_links":{"self":[{"href":"https:\/\/sanrovio.com\/en\/wp-json\/wp\/v2\/pages\/3501","targetHints":{"allow":["GET"]}}],"collection":[{"href":"https:\/\/sanrovio.com\/en\/wp-json\/wp\/v2\/pages"}],"about":[{"href":"https:\/\/sanrovio.com\/en\/wp-json\/wp\/v2\/types\/page"}],"author":[{"embeddable":true,"href":"https:\/\/sanrovio.com\/en\/wp-json\/wp\/v2\/users\/1"}],"replies":[{"embeddable":true,"href":"https:\/\/sanrovio.com\/en\/wp-json\/wp\/v2\/comments?post=3501"}],"version-history":[{"count":0,"href":"https:\/\/sanrovio.com\/en\/wp-json\/wp\/v2\/pages\/3501\/revisions"}],"wp:attachment":[{"href":"https:\/\/sanrovio.com\/en\/wp-json\/wp\/v2\/media?parent=3501"}],"curies":[{"name":"wp","href":"https:\/\/api.w.org\/{rel}","templated":true}]}}