{"id":3500,"date":"2023-05-28T18:34:32","date_gmt":"2023-05-28T18:34:32","guid":{"rendered":"https:\/\/sanrovio.com\/politica-de-cookies\/"},"modified":"2023-05-28T18:34:32","modified_gmt":"2023-05-28T18:34:32","slug":"politica-de-cookies","status":"publish","type":"page","link":"https:\/\/sanrovio.com\/en\/politica-de-cookies\/","title":{"rendered":"Pol\u00edtica de cookies"},"content":{"rendered":"\t\t<div data-elementor-type=\"wp-page\" data-elementor-id=\"3500\" class=\"elementor elementor-3500 elementor-3190\">\n\t\t\t\t\t\t\t\t\t<section class=\"elementor-section elementor-top-section elementor-element elementor-element-ccea8a1 elementor-section-full_width elementor-section-height-default elementor-section-height-default\" data-id=\"ccea8a1\" data-element_type=\"section\">\n\t\t\t\t\t\t<div class=\"elementor-container elementor-column-gap-default\">\n\t\t\t\t\t<div class=\"elementor-column elementor-col-100 elementor-top-column elementor-element elementor-element-a663079\" data-id=\"a663079\" data-element_type=\"column\">\n\t\t\t<div class=\"elementor-widget-wrap elementor-element-populated\">\n\t\t\t\t\t\t\t\t<div class=\"elementor-element elementor-element-d8cd8a6 elementor-widget elementor-widget-text-editor\" data-id=\"d8cd8a6\" data-element_type=\"widget\" data-widget_type=\"text-editor.default\">\n\t\t\t\t<div class=\"elementor-widget-container\">\n\t\t\t<style>\/*! elementor - v3.13.3 - 28-05-2023 *\/\n.elementor-widget-text-editor.elementor-drop-cap-view-stacked .elementor-drop-cap{background-color:#69727d;color:#fff}.elementor-widget-text-editor.elementor-drop-cap-view-framed .elementor-drop-cap{color:#69727d;border:3px solid;background-color:transparent}.elementor-widget-text-editor:not(.elementor-drop-cap-view-default) .elementor-drop-cap{margin-top:8px}.elementor-widget-text-editor:not(.elementor-drop-cap-view-default) .elementor-drop-cap-letter{width:1em;height:1em}.elementor-widget-text-editor .elementor-drop-cap{float:left;text-align:center;line-height:1;font-size:50px}.elementor-widget-text-editor .elementor-drop-cap-letter{display:inline-block}<\/style>\t\t\t\t<h5>POL\u00cdTICA DE COOKIES<\/h5><p>Esta Pol\u00edtica de Cookies es complemento de la Pol\u00edtica de Privacidad del sitio web www.SANROVIO.es (en adelante, el \u201cSitio Web\u201d) titularidad de SANROVIO (en adelante, \u201cSANROVIO\u201d). El acceso y la navegaci\u00f3n por el Sitio Web, o el uso de los servicios del mismo, implican la aceptaci\u00f3n de lo establecido en Aviso Legal del Sitio Web y de su Pol\u00edtica de Privacidad.<\/p><p>Con el fin de facilitar la navegaci\u00f3n por el Sitio Web:<\/p><p>Titular: SANROVIO Impresores<br \/>Domicilio social: Calle Naciones Unidas 14 puerta 10<br \/>28909 Getafe \u2013 Madrid \u2013 Espa\u00f1a<br \/>Tel\u00e9fono fijo: 91 684 92 92<br \/>Tel\u00e9fono m\u00f3vil: 34 617 496 115<br \/>E-mail: info@sanrovio.com<\/p><p>se le comunica que utiliza cookies u otros archivos de funcionalidad similar (en adelante, las \u201cCookies\u201d).<\/p><p><strong>\u00bfQu\u00e9 es una Cookie?<\/strong><\/p><p>Las Cookies son archivos que contienen peque\u00f1as cantidades de informaci\u00f3n que se descargan en el dispositivo del usuario cuando visita una p\u00e1gina web. Su finalidad principal es reconocer al usuario cada vez que accede al Sitio Web permitiendo, adem\u00e1s, mejorar la calidad y ofrecer un mejor uso de Sitio Web.<\/p><p>Las Cookies son esenciales para el funcionamiento de Internet, ya que ayudan, entre otras funciones, a identificar y resolver posibles errores de funcionamiento del Sitio Web.<\/p><p><strong>Uso de Cookies por parte de SANROVIO<\/strong><\/p><p>El acceso al Sitio Web supone la aceptaci\u00f3n expresa de la utilizaci\u00f3n de las Cookies detalladas en la presente Pol\u00edtica en aquellos dispositivos utilizados para realizar dicho acceso. Si se desactivan las Cookies, puede que el uso del Sitio Web no sea \u00f3ptimo y algunas de las utilidades de que dispone el Sitio Web no funcionen correctamente.<\/p><p>Concretamente, SANROVIO est\u00e1 utilizando las Cookies para la identificaci\u00f3n de aquellos usuarios que aceptan el uso de cookies por parte del Sitio Web y permitir la instalaci\u00f3n de las mimas, permitir el log-in de los usuarios en aquellos casos en los que \u00e9ste sea necesario para acceder a determinadas secciones de Sitio Web, as\u00ed como recordar los datos de log-in de dichos usuarios en futuras visitas y poder ofrecer as\u00ed una experiencia de navegaci\u00f3n m\u00e1s c\u00f3moda, as\u00ed como evaluar el uso del Sitio Web y la actividad del mismo.<\/p><p>Asimismo, las Cookies ayudan protegen a los usuarios de posibles ataques que puedan recibir de terceros.<\/p><p><strong>Cookies propias<\/strong><\/p><p><strong>Cookies t\u00e9cnicas y de personalizaci\u00f3n.<\/strong><\/p><p>Estas Cookies facilitan el acceso y navegaci\u00f3n del usuario por el Sitio Web en cada una de sus visitas al mismo y la utilizaci\u00f3n de las diferentes opciones o servicios que existen como, por ejemplo, el idioma predeterminado que el usuario utiliza en el Sitio Web.<\/p><p><strong>Listado de Cookies que utilizamos:<\/strong><\/p><table><tbody><tr><td>Nombre de la cookie<\/td><td>URL de descarga<\/td><td>Finalidad de la cookie<\/td><td>Duraci\u00f3n<\/td><\/tr><tr><td>wordpress_test_cookie<\/td><td>www.SANROVIO.es<\/td><td>Seguridad<\/td><td>No expira<\/td><\/tr><tr><td>fusionredux_current_tab<\/td><td>www.SANROVIO.es<\/td><td>Procesos*<\/td><td>No expira<\/td><\/tr><tr><td>_gid<\/td><td>www.SANROVIO.es<\/td><td>Procesos*<\/td><td>No expira<\/td><\/tr><tr><td>ga<\/td><td>www.SANROVIO.es<\/td><td>Procesos*<\/td><td>No expira<\/td><\/tr><tr><td>_gat_gtag_UA_113327206_1<\/td><td>www.SANROVIO.es<\/td><td>Procesos*<\/td><td>No expira<\/td><\/tr><\/tbody><\/table><p>* Necesaria para el funcionamiento del sitio web.<\/p><p><strong>Configuraci\u00f3n del usuario para evitar Cookies<\/strong><\/p><p>En cumplimiento de la normativa legal vigente, ponemos a su disposici\u00f3n la informaci\u00f3n que le permita configurar su navegador\/navegadores de Internet para mantener su privacidad y seguridad en relaci\u00f3n con las Cookies. Por ello, le facilitamos la informaci\u00f3n y enlaces a los sitios de soporte oficiales de los principales navegadores para que pueda decidir si desea o no aceptar el uso de Cookies.<\/p><p>As\u00ed, puede bloquear las Cookies a trav\u00e9s de las herramientas de configuraci\u00f3n del navegador, o bien, puede configurar su navegador para que le avise cuando un servidor quiera guardar una Cookie:<\/p><ul><li>Internet Explorer: Herramientas \u2192 Opciones de Internet \u2192 Privacidad \u2192 Configuraci\u00f3n;<\/li><li>Firefox: Herramientas \u2192 Opciones \u2192 Privacidad \u2192 Historial \u2192 Configuraci\u00f3n Personalizada;<\/li><li>Chrome: Configuraci\u00f3n \u2192 Mostrar opciones avanzadas \u2192 Privacidad \u2192 Configuraci\u00f3n de contenido;<\/li><li>Safari: Preferencias \u2192 Seguridad.<\/li><\/ul><p>En caso de que el usuario decida desactivar todas las Cookies, la calidad y rapidez del servicio podr\u00eda disminuir. Puede encontrar m\u00e1s informaci\u00f3n sobre cookies en:<a href=\"www.allaboutcookies.org\" target=\"_blank\" rel=\"noopener\"> www.allaboutcookies.org<\/a><\/p>\t\t\t\t\t\t<\/div>\n\t\t\t\t<\/div>\n\t\t\t\t\t<\/div>\n\t\t<\/div>\n\t\t\t\t\t\t\t<\/div>\n\t\t<\/section>\n\t\t\t\t\t\t\t<\/div>\n\t\t","protected":false},"excerpt":{"rendered":"<p>POL\u00cdTICA DE COOKIES Esta Pol\u00edtica de Cookies es complemento de la Pol\u00edtica de Privacidad del sitio web www.SANROVIO.es (en adelante, el \u201cSitio Web\u201d) titularidad de SANROVIO (en adelante, \u201cSANROVIO\u201d). El acceso y la navegaci\u00f3n por el Sitio Web, o el uso de los servicios del mismo, implican la aceptaci\u00f3n de lo establecido en Aviso Legal &hellip;<\/p>\n<p class=\"read-more\"> <a class=\"\" href=\"https:\/\/sanrovio.com\/en\/politica-de-cookies\/\"> <span class=\"screen-reader-text\">Pol\u00edtica de cookies<\/span> Read More &raquo;<\/a><\/p>\n","protected":false},"author":1,"featured_media":0,"parent":0,"menu_order":100,"comment_status":"closed","ping_status":"closed","template":"","meta":{"site-sidebar-layout":"no-sidebar","site-content-layout":"page-builder","ast-global-header-display":"","ast-banner-title-visibility":"","ast-main-header-display":"","ast-hfb-above-header-display":"","ast-hfb-below-header-display":"","ast-hfb-mobile-header-display":"","site-post-title":"disabled","ast-breadcrumbs-content":"","ast-featured-img":"disabled","footer-sml-layout":"","theme-transparent-header-meta":"default","adv-header-id-meta":"","stick-header-meta":"default","header-above-stick-meta":"","header-main-stick-meta":"","header-below-stick-meta":"","footnotes":""},"class_list":["post-3500","page","type-page","status-publish","hentry"],"_links":{"self":[{"href":"https:\/\/sanrovio.com\/en\/wp-json\/wp\/v2\/pages\/3500","targetHints":{"allow":["GET"]}}],"collection":[{"href":"https:\/\/sanrovio.com\/en\/wp-json\/wp\/v2\/pages"}],"about":[{"href":"https:\/\/sanrovio.com\/en\/wp-json\/wp\/v2\/types\/page"}],"author":[{"embeddable":true,"href":"https:\/\/sanrovio.com\/en\/wp-json\/wp\/v2\/users\/1"}],"replies":[{"embeddable":true,"href":"https:\/\/sanrovio.com\/en\/wp-json\/wp\/v2\/comments?post=3500"}],"version-history":[{"count":0,"href":"https:\/\/sanrovio.com\/en\/wp-json\/wp\/v2\/pages\/3500\/revisions"}],"wp:attachment":[{"href":"https:\/\/sanrovio.com\/en\/wp-json\/wp\/v2\/media?parent=3500"}],"curies":[{"name":"wp","href":"https:\/\/api.w.org\/{rel}","templated":true}]}}